{"id":3067,"date":"2025-05-05T01:04:06","date_gmt":"2025-05-04T23:04:06","guid":{"rendered":"https:\/\/cetinaraft.com\/tour\/jutarnji-izlet\/"},"modified":"2025-07-20T18:08:08","modified_gmt":"2025-07-20T16:08:08","slug":"jutarnji-izlet","status":"publish","type":"product","link":"https:\/\/cetinaraft.com\/hr\/izleti\/jutarnji-izlet\/","title":{"rendered":"Jutarnji izlet"},"content":{"rendered":"<p style=\"padding-top: 30px;\">Rafting izlet traje oko 3 sata i vodi vas kroz 10 kilometara nezaboravnog do\u017eivljaja podijeljena u tri uzbudljiva dijela. Uvodni dio je savr\u0161en za upoznavanje s rijekom i osnovama raftinga.<\/p>\n<p>U drugom dijelu dolazi uzbudljiviji dio ture, s br\u017eim vodama, izazovnim brzacima i sve ve\u0107im adrenalinom.<\/p>\n<p>Na kraju prolazimo kroz predivan kanjon koji jednostavno oduzima dah. Prolazak kroz ovaj prirodni raj ostat \u0107e vam urezan u sje\u0107anju. <\/p>\n<h3>\u0160to ponijeti<\/h3>\n<p>Ponesite kupa\u0107i kostim, majicu za ispod prsluka, ru\u010dnik. Odabrana obu\u0107a vrlo je va\u017ena! Zatvorena obu\u0107a kao \u0161to su tenisice, vodene papu\u010de, neopren \u010dizmice ili zatvorene sandale idealne su za sigurnost i udobnost. Japanke su tako\u0111er dopu\u0161tene, ali imajte na umu da s njima ne\u0107ete mo\u0107i sudjelovati u svim dodatnim sadr\u017eajima.   <\/p>\n<table class=\"table table-bordered tours-tabs__table\" style=\"height: 233px;\" width=\"862\">\n<tbody>\n<tr>\n<td><strong>LOKACIJA POLASKA\/POVRATKA<\/strong><\/td>\n<td>Omi\u0161 \/ Samostalni dolazak<\/td>\n<\/tr>\n<tr>\n<td><strong>VRIJEME POLASKA<\/strong><\/td>\n<td>08:00 iz Omi\u0161a<\/td>\n<\/tr>\n<tr>\n<td><strong>VRIJEME POVRATKA<\/strong><\/td>\n<td>12:00<\/td>\n<\/tr>\n<tr>\n<td><strong>IZLET UKLJU\u010cUJE<\/strong><\/td>\n<td>\n<table class=\"table table-bordered\" style=\"height: 62px;\" width=\"300\">\n<tbody>\n<tr>\n<td><i class=\"fa fa-check icon-tick icon-tick--on\"><\/i>Karte<\/td>\n<\/tr>\n<tr>\n<td><i class=\"fa fa-check icon-tick icon-tick--on\"><\/i>Rafting oprema<\/td>\n<\/tr>\n<tr>\n<td><i class=\"fa fa-check icon-tick icon-tick--on\"><\/i>Transfer s dogovorene lokacije<\/td>\n<\/tr>\n<tr>\n<td><i class=\"fa fa-check icon-tick icon-tick--on\"><\/i>Fotografije i video<\/td>\n<\/tr>\n<tr>\n<td><i class=\"fa fa-check icon-tick icon-tick--on\"><\/i>Osiguranje<\/td>\n<\/tr>\n<tr>\n<td><i class=\"fa fa-check icon-tick icon-tick--on\"><\/i>Vodi\u010d<\/td>\n<\/tr>\n<\/tbody>\n<\/table>\n<\/td>\n<\/tr>\n<tr>\n<td><b>NIJE PRIKLADNO<\/b><\/td>\n<td>\n<table class=\"table table-bordered\" style=\"height: 62px;\" width=\"300\">\n<tbody>\n<tr>\n<td><i class=\"fa fa-times icon-tick icon-tick--off\"><\/i>Za trudnice<\/td>\n<\/tr>\n<tr>\n<td><i class=\"fa fa-times icon-tick icon-tick--off\"><\/i>Djecu ispod 4 godine<\/td>\n<\/tr>\n<tr>\n<td><i class=\"fa fa-times icon-tick icon-tick--off\"><\/i>Za osobe u invalidskim kolicima<\/td>\n<\/tr>\n<\/tbody>\n<\/table>\n<\/td>\n<\/tr>\n<\/tbody>\n<\/table>\n","protected":false},"excerpt":{"rendered":"<p>Jutarnja tura po\u010dinje u 8:45, \u0161to zna\u010di da iz Omi\u0161a kre\u0107emo u 8 sati ujutro, a zavr\u0161avamo do 12:00!<br \/>\nAko organiziramo prijevoz iz va\u0161eg mjesta prebivali\u0161ta, tada \u0107emo se dogovoriti o mjestu i vremenu transfera.<\/p>\n","protected":false},"featured_media":2377,"comment_status":"open","ping_status":"closed","template":"","meta":[],"product_brand":[],"product_cat":[149],"product_tag":[],"class_list":{"0":"post-3067","1":"product","2":"type-product","3":"status-publish","4":"has-post-thumbnail","6":"product_cat-izleti","8":"first","9":"instock","10":"shipping-taxable","11":"purchasable","12":"product-type-tour","13":"has-default-attributes"},"_links":{"self":[{"href":"https:\/\/cetinaraft.com\/hr\/wp-json\/wp\/v2\/product\/3067","targetHints":{"allow":["GET"]}}],"collection":[{"href":"https:\/\/cetinaraft.com\/hr\/wp-json\/wp\/v2\/product"}],"about":[{"href":"https:\/\/cetinaraft.com\/hr\/wp-json\/wp\/v2\/types\/product"}],"replies":[{"embeddable":true,"href":"https:\/\/cetinaraft.com\/hr\/wp-json\/wp\/v2\/comments?post=3067"}],"wp:featuredmedia":[{"embeddable":true,"href":"https:\/\/cetinaraft.com\/hr\/wp-json\/wp\/v2\/media\/2377"}],"wp:attachment":[{"href":"https:\/\/cetinaraft.com\/hr\/wp-json\/wp\/v2\/media?parent=3067"}],"wp:term":[{"taxonomy":"product_brand","embeddable":true,"href":"https:\/\/cetinaraft.com\/hr\/wp-json\/wp\/v2\/product_brand?post=3067"},{"taxonomy":"product_cat","embeddable":true,"href":"https:\/\/cetinaraft.com\/hr\/wp-json\/wp\/v2\/product_cat?post=3067"},{"taxonomy":"product_tag","embeddable":true,"href":"https:\/\/cetinaraft.com\/hr\/wp-json\/wp\/v2\/product_tag?post=3067"}],"curies":[{"name":"wp","href":"https:\/\/api.w.org\/{rel}","templated":true}]}}